{"id":1332,"date":"2023-05-04T09:43:52","date_gmt":"2023-05-04T07:43:52","guid":{"rendered":"https:\/\/staging.sas-anokhi.com\/?page_id=1332"},"modified":"2023-06-07T16:16:51","modified_gmt":"2023-06-07T14:16:51","slug":"notre-histoire","status":"publish","type":"page","link":"https:\/\/sas-anokhi.com\/en\/notre-histoire\/","title":{"rendered":"Our history"},"content":{"rendered":"<div data-elementor-type=\"wp-page\" data-elementor-id=\"1332\" class=\"elementor elementor-1332\">\n\t\t\t\t\t\t\t\t\t<section class=\"elementor-section elementor-top-section elementor-element elementor-element-b734b1c elementor-section-content-middle elementor-section-boxed elementor-section-height-default elementor-section-height-default\" data-id=\"b734b1c\" data-element_type=\"section\">\n\t\t\t\t\t\t<div class=\"elementor-container elementor-column-gap-wide\">\n\t\t\t\t\t<div class=\"elementor-column elementor-col-100 elementor-top-column elementor-element elementor-element-2cb51bc6\" data-id=\"2cb51bc6\" data-element_type=\"column\">\n\t\t\t<div class=\"elementor-widget-wrap elementor-element-populated\">\n\t\t\t\t\t\t\t\t<div class=\"elementor-element elementor-element-108b934 elementor-widget elementor-widget-text-editor\" data-id=\"108b934\" data-element_type=\"widget\" data-widget_type=\"text-editor.default\">\n\t\t\t\t<div class=\"elementor-widget-container\">\n\t\t\t<style>\/*! elementor - v3.14.0 - 26-06-2023 *\/\n.elementor-widget-text-editor.elementor-drop-cap-view-stacked .elementor-drop-cap{background-color:#69727d;color:#fff}.elementor-widget-text-editor.elementor-drop-cap-view-framed .elementor-drop-cap{color:#69727d;border:3px solid;background-color:transparent}.elementor-widget-text-editor:not(.elementor-drop-cap-view-default) .elementor-drop-cap{margin-top:8px}.elementor-widget-text-editor:not(.elementor-drop-cap-view-default) .elementor-drop-cap-letter{width:1em;height:1em}.elementor-widget-text-editor .elementor-drop-cap{float:left;text-align:center;line-height:1;font-size:50px}.elementor-widget-text-editor .elementor-drop-cap-letter{display:inline-block}<\/style>\t\t\t\t<p>En 2020, nous avons pris la d\u00e9cision d\u2019ouvrir un Kolel \u05dc\u05e2\u05d9\u05dc\u05d5\u05d9 \u05e0\u05e9\u05de\u05ea de mes filles Shirel et Sarah sous le nom de :<\/p>\t\t\t\t\t\t<\/div>\n\t\t\t\t<\/div>\n\t\t\t\t\t<\/div>\n\t\t<\/div>\n\t\t\t\t\t\t\t<\/div>\n\t\t<\/section>\n\t\t\t\t<section class=\"elementor-section elementor-top-section elementor-element elementor-element-119dd349 elementor-section-content-middle elementor-section-boxed elementor-section-height-default elementor-section-height-default\" data-id=\"119dd349\" data-element_type=\"section\">\n\t\t\t\t\t\t<div class=\"elementor-container elementor-column-gap-wide\">\n\t\t\t\t\t<div class=\"elementor-column elementor-col-100 elementor-top-column elementor-element elementor-element-5c7feacb\" data-id=\"5c7feacb\" data-element_type=\"column\">\n\t\t\t<div class=\"elementor-widget-wrap elementor-element-populated\">\n\t\t\t\t\t\t\t\t<div class=\"elementor-element elementor-element-5e3ec670 elementor-widget elementor-widget-image\" data-id=\"5e3ec670\" data-element_type=\"widget\" data-widget_type=\"image.default\">\n\t\t\t\t<div class=\"elementor-widget-container\">\n\t\t\t<style>\/*! elementor - v3.14.0 - 26-06-2023 *\/\n.elementor-widget-image{text-align:center}.elementor-widget-image a{display:inline-block}.elementor-widget-image a img[src$=\".svg\"]{width:48px}.elementor-widget-image img{vertical-align:middle;display:inline-block}<\/style>\t\t\t\t\t\t\t\t\t\t\t\t<img decoding=\"async\" src=\"https:\/\/sas-anokhi.com\/wp-content\/uploads\/elementor\/thumbs\/cropped-sanohri-v1-noir-1-p8g48w0zedazha76x5noctatrert748jrkz7lfm2mo-q87hnpvg08t19hiscshc4lgug9v6pxuv99n654nsuo.png\" title=\"cropped-sanohri-v1-noir-1-p8g48w0zedazha76x5noctatrert748jrkz7lfm2mo\" alt=\"cropped-sanohri-v1-noir-1-p8g48w0zedazha76x5noctatrert748jrkz7lfm2mo\" loading=\"lazy\" \/>\t\t\t\t\t\t\t\t\t\t\t\t\t\t\t<\/div>\n\t\t\t\t<\/div>\n\t\t\t\t\t<\/div>\n\t\t<\/div>\n\t\t\t\t\t\t\t<\/div>\n\t\t<\/section>\n\t\t\t\t<section class=\"elementor-section elementor-top-section elementor-element elementor-element-789c4394 elementor-section-boxed elementor-section-height-default elementor-section-height-default\" data-id=\"789c4394\" data-element_type=\"section\">\n\t\t\t\t\t\t<div class=\"elementor-container elementor-column-gap-default\">\n\t\t\t\t\t<div class=\"elementor-column elementor-col-100 elementor-top-column elementor-element elementor-element-2af4c350\" data-id=\"2af4c350\" data-element_type=\"column\">\n\t\t\t<div class=\"elementor-widget-wrap elementor-element-populated\">\n\t\t\t\t\t\t\t\t<div class=\"elementor-element elementor-element-68f0ed01 elementor-widget elementor-widget-text-editor\" data-id=\"68f0ed01\" data-element_type=\"widget\" data-widget_type=\"text-editor.default\">\n\t\t\t\t<div class=\"elementor-widget-container\">\n\t\t\t\t\t\t\t<p class=\"text-history\">L\u2019explication provient du verset dans le Tehilim \u05e7\u05d9\u05d8 (chapitre 119) qui dit :<\/p>\t\t\t\t\t\t<\/div>\n\t\t\t\t<\/div>\n\t\t\t\t\t<\/div>\n\t\t<\/div>\n\t\t\t\t\t\t\t<\/div>\n\t\t<\/section>\n\t\t\t\t<section class=\"elementor-section elementor-top-section elementor-element elementor-element-35ce77b5 elementor-section-boxed elementor-section-height-default elementor-section-height-default\" data-id=\"35ce77b5\" data-element_type=\"section\" data-settings=\"{&quot;background_background&quot;:&quot;classic&quot;}\">\n\t\t\t\t\t\t<div class=\"elementor-container elementor-column-gap-default\">\n\t\t\t\t\t<div class=\"elementor-column elementor-col-100 elementor-top-column elementor-element elementor-element-1e85cff5\" data-id=\"1e85cff5\" data-element_type=\"column\" data-settings=\"{&quot;background_background&quot;:&quot;classic&quot;}\">\n\t\t\t<div class=\"elementor-widget-wrap elementor-element-populated\">\n\t\t\t\t\t\t\t\t<div class=\"elementor-element elementor-element-7bd75bd9 elementor-widget elementor-widget-text-editor\" data-id=\"7bd75bd9\" data-element_type=\"widget\" data-widget_type=\"text-editor.default\">\n\t\t\t\t<div class=\"elementor-widget-container\">\n\t\t\t\t\t\t\t<h4 class=\"text-center text-history\"><strong>\u05e9\u05b8\u05c2\u05e9\u05c2 \u05d0\u05b8\u05e0\u05b9\u05db\u05b4\u05d9 \u05e2\u05b7\u05dc\u05be\u05d0\u05b4\u05de\u05b0\u05e8\u05b8\u05ea\u05b6\u05da\u05b8 \u05db\u05b0\u05bc\u05de\u05d5\u05b9\u05e6\u05b5\u05d0 \u05e9\u05b8\u05c1\u05dc\u05b8\u05dc \u05e8\u05b8\u05d1<br \/><\/strong><strong>\u00ab Je me r\u00e9jouis de Ta parole comme celui qui d\u00e9tient un grand butin \u00bb<\/strong><\/h4>\t\t\t\t\t\t<\/div>\n\t\t\t\t<\/div>\n\t\t\t\t\t<\/div>\n\t\t<\/div>\n\t\t\t\t\t\t\t<\/div>\n\t\t<\/section>\n\t\t\t\t<section class=\"elementor-section elementor-top-section elementor-element elementor-element-7116c5d7 elementor-section-boxed elementor-section-height-default elementor-section-height-default\" data-id=\"7116c5d7\" data-element_type=\"section\">\n\t\t\t\t\t\t<div class=\"elementor-container elementor-column-gap-default\">\n\t\t\t\t\t<div class=\"elementor-column elementor-col-100 elementor-top-column elementor-element elementor-element-644828d5\" data-id=\"644828d5\" data-element_type=\"column\">\n\t\t\t<div class=\"elementor-widget-wrap elementor-element-populated\">\n\t\t\t\t\t\t\t\t<div class=\"elementor-element elementor-element-6c1bbcf2 elementor-widget elementor-widget-text-editor\" data-id=\"6c1bbcf2\" data-element_type=\"widget\" data-widget_type=\"text-editor.default\">\n\t\t\t\t<div class=\"elementor-widget-container\">\n\t\t\t\t\t\t\t<p class=\"text-center text-history\">Ce verset parle de l&rsquo;\u00e9tude de notre Sainte Torah qui r\u00e9jouit l\u2019\u00e2me. Il est \u00e0 remarquer que les premi\u00e8res lettres de : \u05e9\u05d9\u05e8\u05d0\u05dc (Shirel) et \u05e9\u05e8\u05d4 (Sarah) sont \u05e9\u05e9 soit le mot Sas. Du fait que ce centre d&rsquo;\u00e9tude de tr\u00e8s haut niveau est form\u00e9 d\u2019\u00e9rudits qui vont encore s\u2019\u00e9lever dans la Torah, le mot Sas Anokhi ne pouvait \u00eatre plus appropri\u00e9 que cela.<\/p>\t\t\t\t\t\t<\/div>\n\t\t\t\t<\/div>\n\t\t\t\t<div class=\"elementor-element elementor-element-ba3c30c elementor-widget elementor-widget-text-editor\" data-id=\"ba3c30c\" data-element_type=\"widget\" data-widget_type=\"text-editor.default\">\n\t\t\t\t<div class=\"elementor-widget-container\">\n\t\t\t\t\t\t\t<p class=\"text-center text-history\"><i>\u00ab En chacun de nous, une \u00e9tincelle d&rsquo;Hachem est pr\u00e9sente, il suffit de chercher au plus fond de nous<br \/><\/i><i>cette \u00e9tincelle et de se connecter \u00e0 elle sans cesse pour rendre notre vie plus agr\u00e9able. \u00bb<\/i><\/p>\t\t\t\t\t\t<\/div>\n\t\t\t\t<\/div>\n\t\t\t\t<div class=\"elementor-element elementor-element-7cd555ff elementor-widget elementor-widget-text-editor\" data-id=\"7cd555ff\" data-element_type=\"widget\" data-widget_type=\"text-editor.default\">\n\t\t\t\t<div class=\"elementor-widget-container\">\n\t\t\t\t\t\t\t<p class=\"text-center text-history\">Je tiens \u00e0 exprimer toute ma reconnaissance envers le Cr\u00e9ateur qui maintient la vie \u00e0 chaque instant et sans qui rien n\u2019aurait \u00e9t\u00e9 possible.<\/p>\t\t\t\t\t\t<\/div>\n\t\t\t\t<\/div>\n\t\t\t\t<section class=\"elementor-section elementor-inner-section elementor-element elementor-element-1fc5169b elementor-section-boxed elementor-section-height-default elementor-section-height-default\" data-id=\"1fc5169b\" data-element_type=\"section\">\n\t\t\t\t\t\t<div class=\"elementor-container elementor-column-gap-default\">\n\t\t\t\t\t<div class=\"elementor-column elementor-col-50 elementor-inner-column elementor-element elementor-element-1693b138\" data-id=\"1693b138\" data-element_type=\"column\">\n\t\t\t<div class=\"elementor-widget-wrap\">\n\t\t\t\t\t\t\t\t\t<\/div>\n\t\t<\/div>\n\t\t\t\t<div class=\"elementor-column elementor-col-50 elementor-inner-column elementor-element elementor-element-2c7c424\" data-id=\"2c7c424\" data-element_type=\"column\">\n\t\t\t<div class=\"elementor-widget-wrap elementor-element-populated\">\n\t\t\t\t\t\t\t\t<div class=\"elementor-element elementor-element-9e9e9a3 elementor-widget elementor-widget-text-editor\" data-id=\"9e9e9a3\" data-element_type=\"widget\" data-widget_type=\"text-editor.default\">\n\t\t\t\t<div class=\"elementor-widget-container\">\n\t\t\t\t\t\t\t<p class=\"text-history\"><strong>David Bensimon (\u05d0\u05d3\u05d9)<\/strong><br \/>Pr\u00e9sident des Institutions <strong>\u05e9\u05e9 \u05d0\u05e0\u05db\u05d9<\/strong><\/p>\t\t\t\t\t\t<\/div>\n\t\t\t\t<\/div>\n\t\t\t\t\t<\/div>\n\t\t<\/div>\n\t\t\t\t\t\t\t<\/div>\n\t\t<\/section>\n\t\t\t\t\t<\/div>\n\t\t<\/div>\n\t\t\t\t\t\t\t<\/div>\n\t\t<\/section>\n\t\t\t\t<section class=\"elementor-section elementor-top-section elementor-element elementor-element-7caafb3c elementor-section-boxed elementor-section-height-default elementor-section-height-default\" data-id=\"7caafb3c\" data-element_type=\"section\" data-settings=\"{&quot;background_background&quot;:&quot;classic&quot;}\">\n\t\t\t\t\t\t<div class=\"elementor-container elementor-column-gap-default\">\n\t\t\t\t\t<div class=\"elementor-column elementor-col-100 elementor-top-column elementor-element elementor-element-273358c4\" data-id=\"273358c4\" data-element_type=\"column\">\n\t\t\t<div class=\"elementor-widget-wrap elementor-element-populated\">\n\t\t\t\t\t\t\t\t<section class=\"elementor-section elementor-inner-section elementor-element elementor-element-18e99d1a elementor-section-boxed elementor-section-height-default elementor-section-height-default\" data-id=\"18e99d1a\" data-element_type=\"section\">\n\t\t\t\t\t\t<div class=\"elementor-container elementor-column-gap-default\">\n\t\t\t\t\t<div class=\"elementor-column elementor-col-100 elementor-inner-column elementor-element elementor-element-306fdcc0\" data-id=\"306fdcc0\" data-element_type=\"column\">\n\t\t\t<div class=\"elementor-widget-wrap elementor-element-populated\">\n\t\t\t\t\t\t\t\t<div class=\"elementor-element elementor-element-2b6228f6 elementor-widget elementor-widget-html\" data-id=\"2b6228f6\" data-element_type=\"widget\" data-widget_type=\"html.default\">\n\t\t\t\t<div class=\"elementor-widget-container\">\n\t\t\t<!DOCTYPE html>\r\n<html lang=\"en\">\r\n<head>\r\n  <meta charset=\"UTF-8\">\r\n  <meta http-equiv=\"X-UA-Compatible\" content=\"IE=edge\">\r\n  <meta name=\"viewport\" content=\"width=device-width, initial-scale=1.0\">\r\n  <title>Document<\/title>\r\n  <script src=\"https:\/\/cdnjs.cloudflare.com\/ajax\/libs\/jquery\/3.5.1\/jquery.min.js\"\r\n        integrity=\"sha512-bLT0Qm9VnAYZDflyKcBaQ2gg0hSYNQrJ8RilYldYQ1FxQYoCLtUjuuRuZo+fjqhx\/qtq\/1itJ0C2ejDxltZVFg==\"\r\n        crossorigin=\"anonymous\"><\/script>\r\n<\/head>\r\n<body>\r\n    <center>\r\n\r\n  <!-- <script type=\"text\/javascript\" charset=\"utf-8\"\r\nsrc=\"https:\/\/www.hebcal.com\/shabbat?cfg=json&amp;geo=geoname&amp;geonameid=2988507&amp;b=&amp;M=on&amp;maj=off&amp;min=off&amp;nx=off&amp;mod=off&amp;mf=off&amp;ss=off&amp;tgt=_top&amp;lg=fr\">\r\n<\/script> -->\r\n<script>\r\n   $.ajax({\r\n            url: \"https:\/\/www.hebcal.com\/shabbat?cfg=json&amp;geo=geoname&amp;geonameid=2988507&amp;b=&amp;M=on&amp;maj=off&amp;min=off&amp;nx=off&amp;mod=off&amp;mf=off&amp;ss=off&amp;tgt=_top&amp;lg=fr\",\r\n            dataType: \"json\",\r\n           success: function(data) {\r\n                console.log(data)\r\n\r\n            }\r\n\r\n        })\r\n<\/script>\r\n\r\n  <fieldset>\r\n    <h4 style='text-align: center;'>Calendar date<\/h4>\r\n    <div>\r\n      <input type=\"date\" id=\"date-convert\">\r\n    <\/div>\r\n    <div>\r\n      <div>\r\n        <input type=\"radio\" id=\"time1\" name=\"time-convert\"  value=\"jour\" checked>\r\n        <label for=\"time1\">\r\n          Day\r\n        <\/label>\r\n      <\/div>\r\n      <div>\r\n        <input type=\"radio\" id=\"time2\" name=\"time-convert\" value=\"nuit\">\r\n        <label for=\"time2\">\r\n          Night\r\n        <\/label>\r\n      <\/div>\r\n    <\/div><\/br>\r\n    <button id=\"button-convert\" type=\"button\">Convert<\/button>\r\n\r\n    <div id=\"converted\">\r\n\r\n    <\/div>\r\n  <\/fieldset>\r\n\r\n\r\n  \r\n  <script src=\"\/wp-content\/calj\/jdates.js\"><\/script>\r\n  <script src=\"\/wp-content\/calj\/parasha.js\"><\/script>\r\n  <script src=\"\/wp-content\/calj\/parasha_loc.js\"><\/script>\r\n<script>\r\n    var date = new Date();\r\n \r\n    var day = date.getDate();\r\n    var month = date.getMonth() + 1;\r\n    var year = date.getFullYear();\r\n \r\n    if (month < 10) month = \"0\" + month;\r\n    if (day < 10) day = \"0\" + day;\r\n \r\n    var today = year + \"-\" + month + \"-\" + day;       \r\n    document.getElementById(\"date-convert\").value = today;\r\n\r\n\r\n \r\n    var button_convert = document.getElementById('button-convert');\r\n    button_convert.addEventListener('click', () => {\r\n      var date_value = document.getElementById('date-convert').value;\r\n      var time = document.getElementsByName('time-convert');\r\n      var valeur;\r\n      for(var i = 0; i < time.length; i++){\r\n        if(time[i].checked){\r\n          valeur = time[i].value;\r\n        }\r\n      }\r\n      date_array = date_value.split('-');\r\n      var annee = date_array[0];\r\n      var mois = date_array[1];\r\n      var jour = date_array[2];\r\n \r\n      var greg = new GDate(jour, mois, annee);\r\n      var j = new HDate(greg);\r\n \r\n      day = j.getDay();\r\n      if(valeur == \"nuit\"){\r\n       day++;\r\n       jour++;\r\n      }\r\n      \r\n      var month_j = \"\";\r\n \r\n      for (const property in HDate) {\r\n        if(HDate[property] == j.getMonth()){\r\n          month_j = property;\r\n          break;\r\n        }\r\n      }\r\n      \r\n      const israel = true;\r\n      var parasha = \"\";\r\n      \/\/ const parasha = new GDate(jour, mois, annee).getParasha(true);\r\n      \/\/ console.log(parasha); \/\/ [33]*\/\r\n      while(parasha == \"\"){\r\n        \r\n        parasha = new GDate(jour, mois, annee).getParasha(true);\r\n        if(jour == 31){\r\n          jour = 1;\r\n          mois++;\r\n        \r\n        }else{\r\n          jour++;\r\n         \r\n        }\r\n  \r\n      }\r\n \r\n      for (const property in HDate) {\r\n        if(HDate[property] == j.getMonth()){\r\n          month_j = property;\r\n          break;\r\n        }\r\n      }\r\n \r\n        var div_converted = document.getElementById('converted');\r\n        div_converted.innerHTML = '<p>Date Hebra\u00efque : ' + day + ' ' + month_j + ' ' + j.getYear() + '<\/p>';\r\n \r\n        tab_parasha = [];\r\n          for(var i = 0; i < parasha.length; i++){\r\n              tab_parasha.push(JDate.parshiot[parasha[i]]);\r\n              \r\n          }\r\n          \r\n          parasha_str   =  tab_parasha.join(\" - \");\r\n          div_converted.innerHTML += '<p> Parasha : ' + parasha_str + '<\/p>';\r\n         \r\n \r\n    })\r\n\r\n  \r\n  <\/script>\r\n  <style>p:empty {\r\n    display: none;\r\n}\r\n#converted p {\r\n    margin-bottom: 0;\r\n}<\/style>\r\n<\/center>\r\n<\/body>\r\n\r\n<\/html>\t\t<\/div>\n\t\t\t\t<\/div>\n\t\t\t\t\t<\/div>\n\t\t<\/div>\n\t\t\t\t\t\t\t<\/div>\n\t\t<\/section>\n\t\t\t\t\t<\/div>\n\t\t<\/div>\n\t\t\t\t\t\t\t<\/div>\n\t\t<\/section>\n\t\t\t\t\t\t\t<\/div>","protected":false},"excerpt":{"rendered":"<p>En 2020, nous avons pris la d\u00e9cision d\u2019ouvrir un Kolel ?????? ???? de mes filles Shirel et Sarah sous le nom de : L\u2019explication provient du verset dans le Tehilim ??? (chapitre 119) qui dit : ????? ??????? ?????????????? ????????? ?????? ???\u00ab Je me r\u00e9jouis de Ta parole comme celui qui d\u00e9tient un grand butin &hellip;<\/p>\n<p class=\"read-more\"> <a class=\"\" href=\"https:\/\/sas-anokhi.com\/en\/notre-histoire\/\"> <span class=\"screen-reader-text\">Our history<\/span> Read More &raquo;<\/a><\/p>","protected":false},"author":1,"featured_media":0,"parent":0,"menu_order":0,"comment_status":"closed","ping_status":"closed","template":"","meta":{"site-sidebar-layout":"no-sidebar","site-content-layout":"page-builder","ast-global-header-display":"","ast-banner-title-visibility":"","ast-main-header-display":"","ast-hfb-above-header-display":"","ast-hfb-below-header-display":"","ast-hfb-mobile-header-display":"","site-post-title":"disabled","ast-breadcrumbs-content":"","ast-featured-img":"disabled","footer-sml-layout":"","theme-transparent-header-meta":"disabled","adv-header-id-meta":"","stick-header-meta":"","header-above-stick-meta":"","header-main-stick-meta":"","header-below-stick-meta":"","footnotes":""},"class_list":["post-1332","page","type-page","status-publish","hentry"],"_links":{"self":[{"href":"https:\/\/sas-anokhi.com\/en\/wp-json\/wp\/v2\/pages\/1332"}],"collection":[{"href":"https:\/\/sas-anokhi.com\/en\/wp-json\/wp\/v2\/pages"}],"about":[{"href":"https:\/\/sas-anokhi.com\/en\/wp-json\/wp\/v2\/types\/page"}],"author":[{"embeddable":true,"href":"https:\/\/sas-anokhi.com\/en\/wp-json\/wp\/v2\/users\/1"}],"replies":[{"embeddable":true,"href":"https:\/\/sas-anokhi.com\/en\/wp-json\/wp\/v2\/comments?post=1332"}],"version-history":[{"count":41,"href":"https:\/\/sas-anokhi.com\/en\/wp-json\/wp\/v2\/pages\/1332\/revisions"}],"predecessor-version":[{"id":1802,"href":"https:\/\/sas-anokhi.com\/en\/wp-json\/wp\/v2\/pages\/1332\/revisions\/1802"}],"wp:attachment":[{"href":"https:\/\/sas-anokhi.com\/en\/wp-json\/wp\/v2\/media?parent=1332"}],"curies":[{"name":"wp","href":"https:\/\/api.w.org\/{rel}","templated":true}]}}