{"id":1443,"date":"2023-05-31T15:34:30","date_gmt":"2023-05-31T13:34:30","guid":{"rendered":"https:\/\/staging.sas-anokhi.com\/?page_id=1443"},"modified":"2023-06-01T11:20:32","modified_gmt":"2023-06-01T09:20:32","slug":"cours-en-lhonneur-de-lazkara","status":"publish","type":"page","link":"https:\/\/sas-anokhi.com\/en\/cours-en-lhonneur-de-lazkara\/","title":{"rendered":"Cours en l?honneur de l?azkara"},"content":{"rendered":"<div data-elementor-type=\"wp-page\" data-elementor-id=\"1443\" class=\"elementor elementor-1443\">\n\t\t\t\t\t\t\t\t\t<section class=\"elementor-section elementor-top-section elementor-element elementor-element-35e3f15 elementor-section-boxed elementor-section-height-default elementor-section-height-default\" data-id=\"35e3f15\" data-element_type=\"section\">\n\t\t\t\t\t\t<div class=\"elementor-container elementor-column-gap-default\">\n\t\t\t\t\t<div class=\"elementor-column elementor-col-100 elementor-top-column elementor-element elementor-element-42bf829\" data-id=\"42bf829\" data-element_type=\"column\">\n\t\t\t<div class=\"elementor-widget-wrap elementor-element-populated\">\n\t\t\t\t\t\t\t\t<div class=\"elementor-element elementor-element-c090dd6 elementor-widget elementor-widget-heading\" data-id=\"c090dd6\" data-element_type=\"widget\" data-widget_type=\"heading.default\">\n\t\t\t\t<div class=\"elementor-widget-container\">\n\t\t\t<style>\/*! elementor - v3.14.0 - 26-06-2023 *\/\n.elementor-heading-title{padding:0;margin:0;line-height:1}.elementor-widget-heading .elementor-heading-title[class*=elementor-size-]>a{color:inherit;font-size:inherit;line-height:inherit}.elementor-widget-heading .elementor-heading-title.elementor-size-small{font-size:15px}.elementor-widget-heading .elementor-heading-title.elementor-size-medium{font-size:19px}.elementor-widget-heading .elementor-heading-title.elementor-size-large{font-size:29px}.elementor-widget-heading .elementor-heading-title.elementor-size-xl{font-size:39px}.elementor-widget-heading .elementor-heading-title.elementor-size-xxl{font-size:59px}<\/style><h3 class=\"elementor-heading-title elementor-size-default\">Ces cours ont \u00e9t\u00e9 donn\u00e9s l\u00e9ilouy nichmat  <strong>Shirel &amp; Sarah<\/strong> b\u00e9not K\u00e9ren<\/h3>\t\t<\/div>\n\t\t\t\t<\/div>\n\t\t\t\t\t<\/div>\n\t\t<\/div>\n\t\t\t\t\t\t\t<\/div>\n\t\t<\/section>\n\t\t\t\t<section class=\"elementor-section elementor-top-section elementor-element elementor-element-2a2f064 elementor-section-boxed elementor-section-height-default elementor-section-height-default\" data-id=\"2a2f064\" data-element_type=\"section\">\n\t\t\t\t\t\t<div class=\"elementor-container elementor-column-gap-default\">\n\t\t\t\t\t<div class=\"elementor-column elementor-col-100 elementor-top-column elementor-element elementor-element-9c7fb17\" data-id=\"9c7fb17\" data-element_type=\"column\">\n\t\t\t<div class=\"elementor-widget-wrap elementor-element-populated\">\n\t\t\t\t\t\t\t\t<div class=\"elementor-element elementor-element-2866102 elementor-widget elementor-widget-video\" data-id=\"2866102\" data-element_type=\"widget\" data-settings=\"{&quot;youtube_url&quot;:&quot;https:\\\/\\\/www.youtube.com\\\/watch?v=0Efe6fIFnQ8&quot;,&quot;video_type&quot;:&quot;youtube&quot;,&quot;controls&quot;:&quot;yes&quot;}\" data-widget_type=\"video.default\">\n\t\t\t\t<div class=\"elementor-widget-container\">\n\t\t\t<style>\/*! elementor - v3.14.0 - 26-06-2023 *\/\n.elementor-widget-video .elementor-widget-container{overflow:hidden;transform:translateZ(0)}.elementor-widget-video .elementor-wrapper{aspect-ratio:var(--video-aspect-ratio)}.elementor-widget-video .elementor-wrapper iframe,.elementor-widget-video .elementor-wrapper video{height:100%;width:100%;display:flex;border:none;background-color:#000}@supports not (aspect-ratio:1\/1){.elementor-widget-video .elementor-wrapper{position:relative;overflow:hidden;height:0;padding-bottom:calc(100% \/ var(--video-aspect-ratio))}.elementor-widget-video .elementor-wrapper iframe,.elementor-widget-video .elementor-wrapper video{position:absolute;top:0;right:0;bottom:0;left:0}}.elementor-widget-video .elementor-open-inline .elementor-custom-embed-image-overlay{position:absolute;top:0;left:0;width:100%;height:100%;background-size:cover;background-position:50%}.elementor-widget-video .elementor-custom-embed-image-overlay{cursor:pointer;text-align:center}.elementor-widget-video .elementor-custom-embed-image-overlay:hover .elementor-custom-embed-play i{opacity:1}.elementor-widget-video .elementor-custom-embed-image-overlay img{display:block;width:100%}.elementor-widget-video .e-hosted-video .elementor-video{-o-object-fit:cover;object-fit:cover}.e-con-inner>.elementor-widget-video,.e-con>.elementor-widget-video{width:var(--container-widget-width);--flex-grow:var(--container-widget-flex-grow)}<\/style>\t\t<div class=\"elementor-wrapper elementor-open-inline\">\n\t\t\t<div class=\"elementor-video\"><\/div>\t\t<\/div>\n\t\t\t\t<\/div>\n\t\t\t\t<\/div>\n\t\t\t\t\t<\/div>\n\t\t<\/div>\n\t\t\t\t\t\t\t<\/div>\n\t\t<\/section>\n\t\t\t\t<section class=\"elementor-section elementor-top-section elementor-element elementor-element-d94dc8b elementor-section-boxed elementor-section-height-default elementor-section-height-default\" data-id=\"d94dc8b\" data-element_type=\"section\">\n\t\t\t\t\t\t<div class=\"elementor-container elementor-column-gap-default\">\n\t\t\t\t\t<div class=\"elementor-column elementor-col-50 elementor-top-column elementor-element elementor-element-c5a018b\" data-id=\"c5a018b\" data-element_type=\"column\">\n\t\t\t<div class=\"elementor-widget-wrap elementor-element-populated\">\n\t\t\t\t\t\t\t\t<div class=\"elementor-element elementor-element-87bf873 elementor-widget elementor-widget-image\" data-id=\"87bf873\" data-element_type=\"widget\" data-widget_type=\"image.default\">\n\t\t\t\t<div class=\"elementor-widget-container\">\n\t\t\t<style>\/*! elementor - v3.14.0 - 26-06-2023 *\/\n.elementor-widget-image{text-align:center}.elementor-widget-image a{display:inline-block}.elementor-widget-image a img[src$=\".svg\"]{width:48px}.elementor-widget-image img{vertical-align:middle;display:inline-block}<\/style>\t\t\t\t\t\t\t\t\t\t\t\t\t<a href=\"https:\/\/youtu.be\/8BBcFczGHcM\" target=\"_blank\">\n\t\t\t\t\t\t\t<img loading=\"lazy\" decoding=\"async\" width=\"1920\" height=\"1080\" src=\"https:\/\/sas-anokhi.com\/wp-content\/uploads\/2023\/03\/gabriel-lellouche.jpg\" class=\"attachment-full size-full wp-image-639\" alt=\"\" srcset=\"https:\/\/sas-anokhi.com\/wp-content\/uploads\/2023\/03\/gabriel-lellouche.jpg 1920w, https:\/\/sas-anokhi.com\/wp-content\/uploads\/2023\/03\/gabriel-lellouche-300x169.jpg 300w, https:\/\/sas-anokhi.com\/wp-content\/uploads\/2023\/03\/gabriel-lellouche-1024x576.jpg 1024w, https:\/\/sas-anokhi.com\/wp-content\/uploads\/2023\/03\/gabriel-lellouche-768x432.jpg 768w, https:\/\/sas-anokhi.com\/wp-content\/uploads\/2023\/03\/gabriel-lellouche-1536x864.jpg 1536w\" sizes=\"(max-width: 1920px) 100vw, 1920px\" \/>\t\t\t\t\t\t\t\t<\/a>\n\t\t\t\t\t\t\t\t\t\t\t\t\t\t\t<\/div>\n\t\t\t\t<\/div>\n\t\t\t\t\t<\/div>\n\t\t<\/div>\n\t\t\t\t<div class=\"elementor-column elementor-col-50 elementor-top-column elementor-element elementor-element-7ac3d07\" data-id=\"7ac3d07\" data-element_type=\"column\">\n\t\t\t<div class=\"elementor-widget-wrap elementor-element-populated\">\n\t\t\t\t\t\t\t\t<div class=\"elementor-element elementor-element-2ec85da elementor-widget elementor-widget-image\" data-id=\"2ec85da\" data-element_type=\"widget\" data-widget_type=\"image.default\">\n\t\t\t\t<div class=\"elementor-widget-container\">\n\t\t\t\t\t\t\t\t\t\t\t\t\t\t\t\t<a href=\"https:\/\/www.youtube.com\/watch?v=03sq7_tp0Fw\" target=\"_blank\">\n\t\t\t\t\t\t\t<img loading=\"lazy\" decoding=\"async\" width=\"1280\" height=\"533\" src=\"https:\/\/sas-anokhi.com\/wp-content\/uploads\/2023\/03\/Rav-Yaakov-SITRUK.png\" class=\"attachment-full size-full wp-image-640\" alt=\"\" srcset=\"https:\/\/sas-anokhi.com\/wp-content\/uploads\/2023\/03\/Rav-Yaakov-SITRUK.png 1280w, https:\/\/sas-anokhi.com\/wp-content\/uploads\/2023\/03\/Rav-Yaakov-SITRUK-300x125.png 300w, https:\/\/sas-anokhi.com\/wp-content\/uploads\/2023\/03\/Rav-Yaakov-SITRUK-1024x426.png 1024w, https:\/\/sas-anokhi.com\/wp-content\/uploads\/2023\/03\/Rav-Yaakov-SITRUK-768x320.png 768w\" sizes=\"(max-width: 1280px) 100vw, 1280px\" \/>\t\t\t\t\t\t\t\t<\/a>\n\t\t\t\t\t\t\t\t\t\t\t\t\t\t\t<\/div>\n\t\t\t\t<\/div>\n\t\t\t\t\t<\/div>\n\t\t<\/div>\n\t\t\t\t\t\t\t<\/div>\n\t\t<\/section>\n\t\t\t\t<section class=\"elementor-section elementor-top-section elementor-element elementor-element-afb7057 elementor-section-boxed elementor-section-height-default elementor-section-height-default\" data-id=\"afb7057\" data-element_type=\"section\">\n\t\t\t\t\t\t<div class=\"elementor-container elementor-column-gap-default\">\n\t\t\t\t\t<div class=\"elementor-column elementor-col-50 elementor-top-column elementor-element elementor-element-3222b94\" data-id=\"3222b94\" data-element_type=\"column\">\n\t\t\t<div class=\"elementor-widget-wrap elementor-element-populated\">\n\t\t\t\t\t\t\t\t<div class=\"elementor-element elementor-element-b8dcfe4 elementor-widget elementor-widget-image\" data-id=\"b8dcfe4\" data-element_type=\"widget\" data-widget_type=\"image.default\">\n\t\t\t\t<div class=\"elementor-widget-container\">\n\t\t\t\t\t\t\t\t\t\t\t\t\t\t\t\t<a href=\"https:\/\/www.youtube.com\/watch?v=1dS2JfhV2-8&#038;feature=youtu.be&#038;ab_channel=RavTOUITOUDAVID\" target=\"_blank\">\n\t\t\t\t\t\t\t<img loading=\"lazy\" decoding=\"async\" width=\"1200\" height=\"500\" src=\"https:\/\/sas-anokhi.com\/wp-content\/uploads\/2023\/03\/Rav-David-TOUITOU.png\" class=\"attachment-full size-full wp-image-641\" alt=\"\" srcset=\"https:\/\/sas-anokhi.com\/wp-content\/uploads\/2023\/03\/Rav-David-TOUITOU.png 1200w, https:\/\/sas-anokhi.com\/wp-content\/uploads\/2023\/03\/Rav-David-TOUITOU-300x125.png 300w, https:\/\/sas-anokhi.com\/wp-content\/uploads\/2023\/03\/Rav-David-TOUITOU-1024x427.png 1024w, https:\/\/sas-anokhi.com\/wp-content\/uploads\/2023\/03\/Rav-David-TOUITOU-768x320.png 768w\" sizes=\"(max-width: 1200px) 100vw, 1200px\" \/>\t\t\t\t\t\t\t\t<\/a>\n\t\t\t\t\t\t\t\t\t\t\t\t\t\t\t<\/div>\n\t\t\t\t<\/div>\n\t\t\t\t\t<\/div>\n\t\t<\/div>\n\t\t\t\t<div class=\"elementor-column elementor-col-50 elementor-top-column elementor-element elementor-element-85b3f21\" data-id=\"85b3f21\" data-element_type=\"column\">\n\t\t\t<div class=\"elementor-widget-wrap elementor-element-populated\">\n\t\t\t\t\t\t\t\t<div class=\"elementor-element elementor-element-5c46e0c elementor-widget elementor-widget-image\" data-id=\"5c46e0c\" data-element_type=\"widget\" data-widget_type=\"image.default\">\n\t\t\t\t<div class=\"elementor-widget-container\">\n\t\t\t\t\t\t\t\t\t\t\t\t\t\t\t\t<a href=\"https:\/\/youtu.be\/Twhwc9_7ZqQ\" target=\"_blank\">\n\t\t\t\t\t\t\t<img loading=\"lazy\" decoding=\"async\" width=\"1200\" height=\"500\" src=\"https:\/\/sas-anokhi.com\/wp-content\/uploads\/2023\/03\/Rav-Haim-DYNOVISZ-1.png\" class=\"attachment-full size-full wp-image-642\" alt=\"\" srcset=\"https:\/\/sas-anokhi.com\/wp-content\/uploads\/2023\/03\/Rav-Haim-DYNOVISZ-1.png 1200w, https:\/\/sas-anokhi.com\/wp-content\/uploads\/2023\/03\/Rav-Haim-DYNOVISZ-1-300x125.png 300w, https:\/\/sas-anokhi.com\/wp-content\/uploads\/2023\/03\/Rav-Haim-DYNOVISZ-1-1024x427.png 1024w, https:\/\/sas-anokhi.com\/wp-content\/uploads\/2023\/03\/Rav-Haim-DYNOVISZ-1-768x320.png 768w\" sizes=\"(max-width: 1200px) 100vw, 1200px\" \/>\t\t\t\t\t\t\t\t<\/a>\n\t\t\t\t\t\t\t\t\t\t\t\t\t\t\t<\/div>\n\t\t\t\t<\/div>\n\t\t\t\t\t<\/div>\n\t\t<\/div>\n\t\t\t\t\t\t\t<\/div>\n\t\t<\/section>\n\t\t\t\t\t\t\t<\/div>","protected":false},"excerpt":{"rendered":"<p>Ces cours ont \u00e9t\u00e9 donn\u00e9s l\u00e9ilouy nichmat Shirel &#038; Sarah b\u00e9not K\u00e9ren<\/p>","protected":false},"author":1,"featured_media":0,"parent":0,"menu_order":0,"comment_status":"closed","ping_status":"closed","template":"","meta":{"site-sidebar-layout":"no-sidebar","site-content-layout":"page-builder","ast-global-header-display":"","ast-banner-title-visibility":"","ast-main-header-display":"","ast-hfb-above-header-display":"","ast-hfb-below-header-display":"","ast-hfb-mobile-header-display":"","site-post-title":"disabled","ast-breadcrumbs-content":"","ast-featured-img":"disabled","footer-sml-layout":"","theme-transparent-header-meta":"","adv-header-id-meta":"","stick-header-meta":"","header-above-stick-meta":"","header-main-stick-meta":"","header-below-stick-meta":"","footnotes":""},"class_list":["post-1443","page","type-page","status-publish","hentry"],"_links":{"self":[{"href":"https:\/\/sas-anokhi.com\/en\/wp-json\/wp\/v2\/pages\/1443"}],"collection":[{"href":"https:\/\/sas-anokhi.com\/en\/wp-json\/wp\/v2\/pages"}],"about":[{"href":"https:\/\/sas-anokhi.com\/en\/wp-json\/wp\/v2\/types\/page"}],"author":[{"embeddable":true,"href":"https:\/\/sas-anokhi.com\/en\/wp-json\/wp\/v2\/users\/1"}],"replies":[{"embeddable":true,"href":"https:\/\/sas-anokhi.com\/en\/wp-json\/wp\/v2\/comments?post=1443"}],"version-history":[{"count":34,"href":"https:\/\/sas-anokhi.com\/en\/wp-json\/wp\/v2\/pages\/1443\/revisions"}],"predecessor-version":[{"id":1503,"href":"https:\/\/sas-anokhi.com\/en\/wp-json\/wp\/v2\/pages\/1443\/revisions\/1503"}],"wp:attachment":[{"href":"https:\/\/sas-anokhi.com\/en\/wp-json\/wp\/v2\/media?parent=1443"}],"curies":[{"name":"wp","href":"https:\/\/api.w.org\/{rel}","templated":true}]}}