{"id":648,"date":"2023-03-14T17:08:37","date_gmt":"2023-03-14T16:08:37","guid":{"rendered":"https:\/\/staging.sas-anokhi.com\/?page_id=648"},"modified":"2023-06-07T16:30:01","modified_gmt":"2023-06-07T14:30:01","slug":"cours-de-torah","status":"publish","type":"page","link":"https:\/\/sas-anokhi.com\/en\/cours-de-torah\/","title":{"rendered":"Cours de torah"},"content":{"rendered":"<div data-elementor-type=\"wp-page\" data-elementor-id=\"648\" class=\"elementor elementor-648\">\n\t\t\t\t\t\t\t\t\t<section class=\"elementor-section elementor-top-section elementor-element elementor-element-1d5b06f elementor-section-full_width elementor-section-height-default elementor-section-height-default\" data-id=\"1d5b06f\" data-element_type=\"section\">\n\t\t\t\t\t\t<div class=\"elementor-container elementor-column-gap-default\">\n\t\t\t\t\t<div class=\"elementor-column elementor-col-100 elementor-top-column elementor-element elementor-element-2752770\" data-id=\"2752770\" data-element_type=\"column\">\n\t\t\t<div class=\"elementor-widget-wrap elementor-element-populated\">\n\t\t\t\t\t\t\t\t<section class=\"elementor-section elementor-inner-section elementor-element elementor-element-3e1bd3a elementor-section-boxed elementor-section-height-default elementor-section-height-default\" data-id=\"3e1bd3a\" data-element_type=\"section\">\n\t\t\t\t\t\t<div class=\"elementor-container elementor-column-gap-default\">\n\t\t\t\t\t<div class=\"elementor-column elementor-col-20 elementor-inner-column elementor-element elementor-element-c3bfb29\" data-id=\"c3bfb29\" data-element_type=\"column\">\n\t\t\t<div class=\"elementor-widget-wrap elementor-element-populated\">\n\t\t\t\t\t\t\t\t<div class=\"elementor-element elementor-element-e0abac1 elementor-widget elementor-widget-heading\" data-id=\"e0abac1\" data-element_type=\"widget\" data-widget_type=\"heading.default\">\n\t\t\t\t<div class=\"elementor-widget-container\">\n\t\t\t<style>\/*! elementor - v3.14.0 - 26-06-2023 *\/\n.elementor-heading-title{padding:0;margin:0;line-height:1}.elementor-widget-heading .elementor-heading-title[class*=elementor-size-]>a{color:inherit;font-size:inherit;line-height:inherit}.elementor-widget-heading .elementor-heading-title.elementor-size-small{font-size:15px}.elementor-widget-heading .elementor-heading-title.elementor-size-medium{font-size:19px}.elementor-widget-heading .elementor-heading-title.elementor-size-large{font-size:29px}.elementor-widget-heading .elementor-heading-title.elementor-size-xl{font-size:39px}.elementor-widget-heading .elementor-heading-title.elementor-size-xxl{font-size:59px}<\/style><h2 class=\"elementor-heading-title elementor-size-default\">B\u00e9r\u00e9chit\n<\/h2>\t\t<\/div>\n\t\t\t\t<\/div>\n\t\t\t\t<div class=\"elementor-element elementor-element-355aa07 elementor-widget elementor-widget-text-editor\" data-id=\"355aa07\" data-element_type=\"widget\" data-widget_type=\"text-editor.default\">\n\t\t\t\t<div class=\"elementor-widget-container\">\n\t\t\t<style>\/*! elementor - v3.14.0 - 26-06-2023 *\/\n.elementor-widget-text-editor.elementor-drop-cap-view-stacked .elementor-drop-cap{background-color:#69727d;color:#fff}.elementor-widget-text-editor.elementor-drop-cap-view-framed .elementor-drop-cap{color:#69727d;border:3px solid;background-color:transparent}.elementor-widget-text-editor:not(.elementor-drop-cap-view-default) .elementor-drop-cap{margin-top:8px}.elementor-widget-text-editor:not(.elementor-drop-cap-view-default) .elementor-drop-cap-letter{width:1em;height:1em}.elementor-widget-text-editor .elementor-drop-cap{float:left;text-align:center;line-height:1;font-size:50px}.elementor-widget-text-editor .elementor-drop-cap-letter{display:inline-block}<\/style>\t\t\t\t<p><a href=\"https:\/\/sas-anokhi.com\/en\/cours-de-torah\/berechit\/\">B\u00e9r\u00e9chit<\/a><br \/><a href=\"https:\/\/sas-anokhi.com\/en\/cours-de-torah\/noah\/\">Noa\u2019h<\/a><br \/><a href=\"https:\/\/sas-anokhi.com\/en\/cours-de-torah\/lekh-lekha\/\">Lekh Lekha<\/a><br \/><a href=\"https:\/\/sas-anokhi.com\/en\/cours-de-torah\/vayera\/\">Vay\u00e9ra<\/a><br \/>\u2018<a href=\"\/en\/cours-de-thora\/haye-sarah\/\">Hay\u00e9 Sarah<\/a><br \/><a href=\"https:\/\/sas-anokhi.com\/en\/cours-de-torah\/toldot\/\">Toldot<\/a><br \/><a href=\"https:\/\/sas-anokhi.com\/en\/cours-de-torah\/vayetse\/\">Vayets\u00e9<\/a><br \/><a href=\"https:\/\/sas-anokhi.com\/en\/cours-de-torah\/vayichlah\/\">Vayichla\u2019h<\/a><br \/><a href=\"https:\/\/sas-anokhi.com\/en\/cours-de-torah\/vayechev\/\">Vay\u00e9chev<\/a><br \/><a href=\"https:\/\/sas-anokhi.com\/en\/cours-de-torah\/mikets\/\">Mikets<\/a><br \/><a href=\"https:\/\/sas-anokhi.com\/en\/cours-de-torah\/vayigach\/\">Vayigach<\/a><br \/><a href=\"https:\/\/sas-anokhi.com\/en\/cours-de-torah\/vayehi\/\">Vay\u00e9\u2019hi<\/a><\/p>\t\t\t\t\t\t<\/div>\n\t\t\t\t<\/div>\n\t\t\t\t\t<\/div>\n\t\t<\/div>\n\t\t\t\t<div class=\"elementor-column elementor-col-20 elementor-inner-column elementor-element elementor-element-f152200\" data-id=\"f152200\" data-element_type=\"column\">\n\t\t\t<div class=\"elementor-widget-wrap elementor-element-populated\">\n\t\t\t\t\t\t\t\t<div class=\"elementor-element elementor-element-6c68e6e elementor-widget elementor-widget-heading\" data-id=\"6c68e6e\" data-element_type=\"widget\" data-widget_type=\"heading.default\">\n\t\t\t\t<div class=\"elementor-widget-container\">\n\t\t\t<h2 class=\"elementor-heading-title elementor-size-default\">Ch\u00e9mot<\/h2>\t\t<\/div>\n\t\t\t\t<\/div>\n\t\t\t\t<div class=\"elementor-element elementor-element-3fad426 elementor-widget elementor-widget-text-editor\" data-id=\"3fad426\" data-element_type=\"widget\" data-widget_type=\"text-editor.default\">\n\t\t\t\t<div class=\"elementor-widget-container\">\n\t\t\t\t\t\t\t<p><a href=\"https:\/\/sas-anokhi.com\/en\/cours-de-torah\/chemot\/\">Ch\u00e9mot<\/a><br \/><a href=\"https:\/\/sas-anokhi.com\/en\/cours-de-torah\/vaera\/\">Va\u00e9ra<\/a><br \/><a href=\"https:\/\/sas-anokhi.com\/en\/cours-de-torah\/bo\/\">Bo<\/a><br \/><a href=\"https:\/\/sas-anokhi.com\/en\/cours-de-torah\/bechalah\/\">Bechala\u2019h<\/a><br \/><a href=\"https:\/\/sas-anokhi.com\/en\/cours-de-torah\/yitro\/\">Yotro<\/a><br \/><a href=\"https:\/\/sas-anokhi.com\/en\/cours-de-torah\/michpatim\/\">Mishpatim<\/a><br \/><a href=\"https:\/\/sas-anokhi.com\/en\/cours-de-torah\/terouma\/\">Teruma<\/a><br \/><a href=\"https:\/\/sas-anokhi.com\/en\/cours-de-torah\/tetsave\/\">Tetsav\u00e9<\/a><br \/><a href=\"https:\/\/sas-anokhi.com\/en\/cours-de-torah\/ki-tissa\/\">Ki Tissa<\/a><br \/><a href=\"https:\/\/sas-anokhi.com\/en\/cours-de-torah\/vayakhel-pekoudei\/\">Vayakhel<\/a><br \/><a href=\"https:\/\/sas-anokhi.com\/en\/cours-de-torah\/vayakhel-pekoudei\/\">Pekoudei<\/a><\/p>\t\t\t\t\t\t<\/div>\n\t\t\t\t<\/div>\n\t\t\t\t\t<\/div>\n\t\t<\/div>\n\t\t\t\t<div class=\"elementor-column elementor-col-20 elementor-inner-column elementor-element elementor-element-74f19bd\" data-id=\"74f19bd\" data-element_type=\"column\">\n\t\t\t<div class=\"elementor-widget-wrap elementor-element-populated\">\n\t\t\t\t\t\t\t\t<div class=\"elementor-element elementor-element-81e78e9 elementor-widget elementor-widget-heading\" data-id=\"81e78e9\" data-element_type=\"widget\" data-widget_type=\"heading.default\">\n\t\t\t\t<div class=\"elementor-widget-container\">\n\t\t\t<h2 class=\"elementor-heading-title elementor-size-default\">Vayikra<\/h2>\t\t<\/div>\n\t\t\t\t<\/div>\n\t\t\t\t<div class=\"elementor-element elementor-element-71cf84e elementor-widget elementor-widget-text-editor\" data-id=\"71cf84e\" data-element_type=\"widget\" data-widget_type=\"text-editor.default\">\n\t\t\t\t<div class=\"elementor-widget-container\">\n\t\t\t\t\t\t\t<p><a href=\"https:\/\/sas-anokhi.com\/en\/cours-de-torah\/vayikra\/\">Vayikra<\/a><br \/><a href=\"https:\/\/sas-anokhi.com\/en\/cours-de-torah\/tsav\/\">Tsav<\/a><br \/><a href=\"https:\/\/sas-anokhi.com\/en\/cours-de-torah\/chemini\/\">Chemini<\/a><br \/><a href=\"https:\/\/sas-anokhi.com\/en\/cours-de-torah\/tazria-metsora\/\">Tazria<\/a><br \/><a href=\"https:\/\/sas-anokhi.com\/en\/cours-de-torah\/tazria-metsora\/\">Metsora<\/a><br \/><a href=\"https:\/\/sas-anokhi.com\/en\/cours-de-torah\/aharei-moth-kedochim\/\">A\u2019harei Moth<\/a><br \/><a href=\"https:\/\/sas-anokhi.com\/en\/cours-de-torah\/aharei-moth-kedochim\/\">kedochim<\/a><br \/><a href=\"https:\/\/sas-anokhi.com\/en\/cours-de-torah\/emor\/\">Emor<\/a><br \/><a href=\"https:\/\/sas-anokhi.com\/en\/cours-de-torah\/behar-behoukotai\/\">Behar<\/a><br \/><a href=\"https:\/\/sas-anokhi.com\/en\/cours-de-torah\/behar-behoukotai\/\">Be\u2019houkota\u00ef<\/a><\/p>\t\t\t\t\t\t<\/div>\n\t\t\t\t<\/div>\n\t\t\t\t\t<\/div>\n\t\t<\/div>\n\t\t\t\t<div class=\"elementor-column elementor-col-20 elementor-inner-column elementor-element elementor-element-99303a7\" data-id=\"99303a7\" data-element_type=\"column\">\n\t\t\t<div class=\"elementor-widget-wrap elementor-element-populated\">\n\t\t\t\t\t\t\t\t<div class=\"elementor-element elementor-element-ec9ae2a elementor-widget elementor-widget-heading\" data-id=\"ec9ae2a\" data-element_type=\"widget\" data-widget_type=\"heading.default\">\n\t\t\t\t<div class=\"elementor-widget-container\">\n\t\t\t<h2 class=\"elementor-heading-title elementor-size-default\">Bamidbar<\/h2>\t\t<\/div>\n\t\t\t\t<\/div>\n\t\t\t\t<div class=\"elementor-element elementor-element-01dc6b1 elementor-widget elementor-widget-text-editor\" data-id=\"01dc6b1\" data-element_type=\"widget\" data-widget_type=\"text-editor.default\">\n\t\t\t\t<div class=\"elementor-widget-container\">\n\t\t\t\t\t\t\t<p><a href=\"https:\/\/sas-anokhi.com\/en\/cours-de-torah\/bamidbar\/\">Bamidbar<\/a><br \/><a href=\"https:\/\/sas-anokhi.com\/en\/cours-de-torah\/nasso\/\">Nasso<\/a><br \/><a href=\"https:\/\/sas-anokhi.com\/en\/cours-de-torah\/behaalotekha\/\">B\u00e9haalotekha<\/a><br \/><a href=\"https:\/\/sas-anokhi.com\/en\/cours-de-torah\/chelah\/\">Chela\u2019h<\/a><br \/><a href=\"https:\/\/sas-anokhi.com\/en\/cours-de-torah\/korah\/\">Kora\u2019h<\/a><br \/>\u2018<a href=\"https:\/\/sas-anokhi.com\/en\/cours-de-torah\/houkat\/\">Hukat<\/a><br \/><a href=\"https:\/\/sas-anokhi.com\/en\/cours-de-torah\/balak\/\">Balak<\/a><br \/><a href=\"https:\/\/sas-anokhi.com\/en\/cours-de-torah\/pinhas\/\">Pin\u2019has<\/a><br \/><a href=\"https:\/\/sas-anokhi.com\/en\/cours-de-torah\/matot-massei\/\">Matot<\/a><br \/><a href=\"https:\/\/sas-anokhi.com\/en\/cours-de-torah\/matot-massei\/\">massei<\/a><\/p>\t\t\t\t\t\t<\/div>\n\t\t\t\t<\/div>\n\t\t\t\t\t<\/div>\n\t\t<\/div>\n\t\t\t\t<div class=\"elementor-column elementor-col-20 elementor-inner-column elementor-element elementor-element-96175d2\" data-id=\"96175d2\" data-element_type=\"column\">\n\t\t\t<div class=\"elementor-widget-wrap elementor-element-populated\">\n\t\t\t\t\t\t\t\t<div class=\"elementor-element elementor-element-172bd6d elementor-widget elementor-widget-heading\" data-id=\"172bd6d\" data-element_type=\"widget\" data-widget_type=\"heading.default\">\n\t\t\t\t<div class=\"elementor-widget-container\">\n\t\t\t<h2 class=\"elementor-heading-title elementor-size-default\">Devarim<\/h2>\t\t<\/div>\n\t\t\t\t<\/div>\n\t\t\t\t<div class=\"elementor-element elementor-element-a8d54fa elementor-widget elementor-widget-text-editor\" data-id=\"a8d54fa\" data-element_type=\"widget\" data-widget_type=\"text-editor.default\">\n\t\t\t\t<div class=\"elementor-widget-container\">\n\t\t\t\t\t\t\t<p><a href=\"https:\/\/sas-anokhi.com\/en\/cours-de-torah\/devarim\/\">Devarim<\/a><br \/><a href=\"https:\/\/sas-anokhi.com\/en\/cours-de-torah\/vaethanane\/\">Vaet\u2019hanane<\/a><br \/><a href=\"https:\/\/sas-anokhi.com\/en\/cours-de-torah\/eikev\/\">Eikev<\/a><br \/><a href=\"https:\/\/sas-anokhi.com\/en\/cours-de-torah\/reeh\/\">R\u00e9eh<\/a><br \/><a href=\"https:\/\/sas-anokhi.com\/en\/cours-de-torah\/choftim\/\">Shoftim<\/a><br \/><a href=\"https:\/\/sas-anokhi.com\/en\/cours-de-torah\/ki-tetse\/\">Ki Tets\u00e9<\/a><br \/><a href=\"https:\/\/sas-anokhi.com\/en\/cours-de-torah\/ki-tavo\/\">Ki Tavo<\/a><br \/><a href=\"https:\/\/sas-anokhi.com\/en\/cours-de-torah\/nitsavim\/\">Nitzavim<\/a><br \/><a href=\"https:\/\/sas-anokhi.com\/en\/cours-de-torah\/vayelekh\/\">Vayelekh<\/a><br \/><a href=\"\/en\/cours-de-torah\/Haazinou\/\">Haazinou<\/a><br \/><a href=\"https:\/\/sas-anokhi.com\/en\/cours-de-torah\/vezot-haberakha\/\">Vezot Haberakha<\/a><\/p>\t\t\t\t\t\t<\/div>\n\t\t\t\t<\/div>\n\t\t\t\t\t<\/div>\n\t\t<\/div>\n\t\t\t\t\t\t\t<\/div>\n\t\t<\/section>\n\t\t\t\t\t<\/div>\n\t\t<\/div>\n\t\t\t\t\t\t\t<\/div>\n\t\t<\/section>\n\t\t\t\t\t\t\t<\/div>","protected":false},"excerpt":{"rendered":"<p>B\u00e9r\u00e9chit B\u00e9r\u00e9chitNoa\u2019hLekh LekhaVay\u00e9ra\u2018Hay\u00e9 SarahToldotVayets\u00e9Vayichla\u2019hVay\u00e9chevMiketsVayigachVay\u00e9\u2019hi Ch\u00e9mot Ch\u00e9motVa\u00e9raBoBechala\u2019hYitroMichpatimTeroumaTetsav\u00e9Ki TissaVayakhelPekoudei Vayikra VayikraTsavCheminiTazriaMetsoraA\u2019harei MothKedochimEmorBeharBe\u2019houkota\u00ef Bamidbar BamidbarNassoB\u00e9haalotekhaChela\u2019hKora\u2019h\u2018HoukatBalakPin\u2019hasMatotMassei Devarim DevarimVaet\u2019hananeEikevR\u00e9ehChoftimKi Tets\u00e9Ki TavoNitsavimVayelekhHaazinouVezot Haberakha<\/p>","protected":false},"author":1,"featured_media":0,"parent":0,"menu_order":0,"comment_status":"closed","ping_status":"closed","template":"","meta":{"site-sidebar-layout":"no-sidebar","site-content-layout":"page-builder","ast-global-header-display":"","ast-banner-title-visibility":"","ast-main-header-display":"","ast-hfb-above-header-display":"","ast-hfb-below-header-display":"","ast-hfb-mobile-header-display":"","site-post-title":"disabled","ast-breadcrumbs-content":"","ast-featured-img":"disabled","footer-sml-layout":"","theme-transparent-header-meta":"","adv-header-id-meta":"","stick-header-meta":"","header-above-stick-meta":"","header-main-stick-meta":"","header-below-stick-meta":"","footnotes":""},"class_list":["post-648","page","type-page","status-publish","hentry"],"_links":{"self":[{"href":"https:\/\/sas-anokhi.com\/en\/wp-json\/wp\/v2\/pages\/648"}],"collection":[{"href":"https:\/\/sas-anokhi.com\/en\/wp-json\/wp\/v2\/pages"}],"about":[{"href":"https:\/\/sas-anokhi.com\/en\/wp-json\/wp\/v2\/types\/page"}],"author":[{"embeddable":true,"href":"https:\/\/sas-anokhi.com\/en\/wp-json\/wp\/v2\/users\/1"}],"replies":[{"embeddable":true,"href":"https:\/\/sas-anokhi.com\/en\/wp-json\/wp\/v2\/comments?post=648"}],"version-history":[{"count":131,"href":"https:\/\/sas-anokhi.com\/en\/wp-json\/wp\/v2\/pages\/648\/revisions"}],"predecessor-version":[{"id":1661,"href":"https:\/\/sas-anokhi.com\/en\/wp-json\/wp\/v2\/pages\/648\/revisions\/1661"}],"wp:attachment":[{"href":"https:\/\/sas-anokhi.com\/en\/wp-json\/wp\/v2\/media?parent=648"}],"curies":[{"name":"wp","href":"https:\/\/api.w.org\/{rel}","templated":true}]}}